{"id":7329,"date":"2019-02-21T09:15:08","date_gmt":"2019-02-21T09:15:08","guid":{"rendered":"https:\/\/mercadalabogados.com\/about-us\/"},"modified":"2024-04-30T09:45:48","modified_gmt":"2024-04-30T09:45:48","slug":"about-us","status":"publish","type":"page","link":"https:\/\/mercadalabogados.com\/de\/about-us\/","title":{"rendered":"\u00dcber uns"},"content":{"rendered":"","protected":false},"excerpt":{"rendered":"","protected":false},"author":2,"featured_media":0,"parent":0,"menu_order":0,"comment_status":"closed","ping_status":"closed","template":"","meta":{"_acf_changed":false,"footnotes":""},"class_list":["post-7329","page","type-page","status-publish","hentry"],"acf":[],"yoast_head":"<!-- This site is optimized with the Yoast SEO plugin v26.4 - https:\/\/yoast.com\/wordpress\/plugins\/seo\/ -->\n<title>\u00dcber uns | Mercadal Abogados<\/title>\n<meta name=\"description\" content=\"Entdecken Sie unseren Weg, der in einer Vision f\u00fcr innovative Rechtsdienstleistungen im Immobilienbereich wurzelt. Unser Team verf\u00fcgt \u00fcber einen reichen Erfahrungsschatz und setzt sich f\u00fcr individuelle L\u00f6sungen ein, damit Ihre rechtlichen Bed\u00fcrfnisse mit Professionalit\u00e4t und Sorgfalt erf\u00fcllt werden.\" \/>\n<meta name=\"robots\" content=\"index, follow, max-snippet:-1, max-image-preview:large, max-video-preview:-1\" \/>\n<link rel=\"canonical\" href=\"https:\/\/mercadalabogados.com\/de\/about-us\/\" \/>\n<meta property=\"og:locale\" content=\"de_DE\" \/>\n<meta property=\"og:type\" content=\"article\" \/>\n<meta property=\"og:title\" content=\"\u00dcber uns | Mercadal Abogados\" \/>\n<meta property=\"og:description\" content=\"Entdecken Sie unseren Weg, der in einer Vision f\u00fcr innovative Rechtsdienstleistungen im Immobilienbereich wurzelt. Unser Team verf\u00fcgt \u00fcber einen reichen Erfahrungsschatz und setzt sich f\u00fcr individuelle L\u00f6sungen ein, damit Ihre rechtlichen Bed\u00fcrfnisse mit Professionalit\u00e4t und Sorgfalt erf\u00fcllt werden.\" \/>\n<meta property=\"og:url\" content=\"https:\/\/mercadalabogados.com\/de\/about-us\/\" \/>\n<meta property=\"og:site_name\" content=\"Mercadal Abogados\" \/>\n<meta property=\"article:modified_time\" content=\"2024-04-30T09:45:48+00:00\" \/>\n<meta name=\"twitter:card\" content=\"summary_large_image\" \/>\n<meta name=\"twitter:label1\" content=\"Gesch\u00e4tzte Lesezeit\" \/>\n\t<meta name=\"twitter:data1\" content=\"5\u00a0Minuten\" \/>\n<script type=\"application\/ld+json\" class=\"yoast-schema-graph\">{\"@context\":\"https:\/\/schema.org\",\"@graph\":[{\"@type\":\"WebPage\",\"@id\":\"https:\/\/mercadalabogados.com\/de\/about-us\/\",\"url\":\"https:\/\/mercadalabogados.com\/de\/about-us\/\",\"name\":\"\u00dcber uns | Mercadal Abogados\",\"isPartOf\":{\"@id\":\"https:\/\/mercadalabogados.com\/#website\"},\"datePublished\":\"2019-02-21T09:15:08+00:00\",\"dateModified\":\"2024-04-30T09:45:48+00:00\",\"description\":\"Entdecken Sie unseren Weg, der in einer Vision f\u00fcr innovative Rechtsdienstleistungen im Immobilienbereich wurzelt. Unser Team verf\u00fcgt \u00fcber einen reichen Erfahrungsschatz und setzt sich f\u00fcr individuelle L\u00f6sungen ein, damit Ihre rechtlichen Bed\u00fcrfnisse mit Professionalit\u00e4t und Sorgfalt erf\u00fcllt werden.\",\"breadcrumb\":{\"@id\":\"https:\/\/mercadalabogados.com\/de\/about-us\/#breadcrumb\"},\"inLanguage\":\"de\",\"potentialAction\":[{\"@type\":\"ReadAction\",\"target\":[\"https:\/\/mercadalabogados.com\/de\/about-us\/\"]}]},{\"@type\":\"BreadcrumbList\",\"@id\":\"https:\/\/mercadalabogados.com\/de\/about-us\/#breadcrumb\",\"itemListElement\":[{\"@type\":\"ListItem\",\"position\":1,\"name\":\"Home\",\"item\":\"https:\/\/mercadalabogados.com\/de\/\"},{\"@type\":\"ListItem\",\"position\":2,\"name\":\"\u00dcber uns\"}]},{\"@type\":\"WebSite\",\"@id\":\"https:\/\/mercadalabogados.com\/#website\",\"url\":\"https:\/\/mercadalabogados.com\/\",\"name\":\"Mercadal Abogados\",\"description\":\"Multilingual real estate lawyers.\",\"publisher\":{\"@id\":\"https:\/\/mercadalabogados.com\/#organization\"},\"potentialAction\":[{\"@type\":\"SearchAction\",\"target\":{\"@type\":\"EntryPoint\",\"urlTemplate\":\"https:\/\/mercadalabogados.com\/?s={search_term_string}\"},\"query-input\":{\"@type\":\"PropertyValueSpecification\",\"valueRequired\":true,\"valueName\":\"search_term_string\"}}],\"inLanguage\":\"de\"},{\"@type\":\"Organization\",\"@id\":\"https:\/\/mercadalabogados.com\/#organization\",\"name\":\"Mercadal Abogados\",\"url\":\"https:\/\/mercadalabogados.com\/\",\"logo\":{\"@type\":\"ImageObject\",\"inLanguage\":\"de\",\"@id\":\"https:\/\/mercadalabogados.com\/#\/schema\/logo\/image\/\",\"url\":\"https:\/\/mercadalabogados.com\/wp-content\/uploads\/2022\/05\/ms-icon-150x150-1.png\",\"contentUrl\":\"https:\/\/mercadalabogados.com\/wp-content\/uploads\/2022\/05\/ms-icon-150x150-1.png\",\"width\":150,\"height\":150,\"caption\":\"Mercadal Abogados\"},\"image\":{\"@id\":\"https:\/\/mercadalabogados.com\/#\/schema\/logo\/image\/\"}}]}<\/script>\n<!-- \/ Yoast SEO plugin. -->","yoast_head_json":{"title":"\u00dcber uns | Mercadal Abogados","description":"Entdecken Sie unseren Weg, der in einer Vision f\u00fcr innovative Rechtsdienstleistungen im Immobilienbereich wurzelt. Unser Team verf\u00fcgt \u00fcber einen reichen Erfahrungsschatz und setzt sich f\u00fcr individuelle L\u00f6sungen ein, damit Ihre rechtlichen Bed\u00fcrfnisse mit Professionalit\u00e4t und Sorgfalt erf\u00fcllt werden.","robots":{"index":"index","follow":"follow","max-snippet":"max-snippet:-1","max-image-preview":"max-image-preview:large","max-video-preview":"max-video-preview:-1"},"canonical":"https:\/\/mercadalabogados.com\/de\/about-us\/","og_locale":"de_DE","og_type":"article","og_title":"\u00dcber uns | Mercadal Abogados","og_description":"Entdecken Sie unseren Weg, der in einer Vision f\u00fcr innovative Rechtsdienstleistungen im Immobilienbereich wurzelt. Unser Team verf\u00fcgt \u00fcber einen reichen Erfahrungsschatz und setzt sich f\u00fcr individuelle L\u00f6sungen ein, damit Ihre rechtlichen Bed\u00fcrfnisse mit Professionalit\u00e4t und Sorgfalt erf\u00fcllt werden.","og_url":"https:\/\/mercadalabogados.com\/de\/about-us\/","og_site_name":"Mercadal Abogados","article_modified_time":"2024-04-30T09:45:48+00:00","twitter_card":"summary_large_image","twitter_misc":{"Gesch\u00e4tzte Lesezeit":"5\u00a0Minuten"},"schema":{"@context":"https:\/\/schema.org","@graph":[{"@type":"WebPage","@id":"https:\/\/mercadalabogados.com\/de\/about-us\/","url":"https:\/\/mercadalabogados.com\/de\/about-us\/","name":"\u00dcber uns | Mercadal Abogados","isPartOf":{"@id":"https:\/\/mercadalabogados.com\/#website"},"datePublished":"2019-02-21T09:15:08+00:00","dateModified":"2024-04-30T09:45:48+00:00","description":"Entdecken Sie unseren Weg, der in einer Vision f\u00fcr innovative Rechtsdienstleistungen im Immobilienbereich wurzelt. Unser Team verf\u00fcgt \u00fcber einen reichen Erfahrungsschatz und setzt sich f\u00fcr individuelle L\u00f6sungen ein, damit Ihre rechtlichen Bed\u00fcrfnisse mit Professionalit\u00e4t und Sorgfalt erf\u00fcllt werden.","breadcrumb":{"@id":"https:\/\/mercadalabogados.com\/de\/about-us\/#breadcrumb"},"inLanguage":"de","potentialAction":[{"@type":"ReadAction","target":["https:\/\/mercadalabogados.com\/de\/about-us\/"]}]},{"@type":"BreadcrumbList","@id":"https:\/\/mercadalabogados.com\/de\/about-us\/#breadcrumb","itemListElement":[{"@type":"ListItem","position":1,"name":"Home","item":"https:\/\/mercadalabogados.com\/de\/"},{"@type":"ListItem","position":2,"name":"\u00dcber uns"}]},{"@type":"WebSite","@id":"https:\/\/mercadalabogados.com\/#website","url":"https:\/\/mercadalabogados.com\/","name":"Mercadal Abogados","description":"Multilingual real estate lawyers.","publisher":{"@id":"https:\/\/mercadalabogados.com\/#organization"},"potentialAction":[{"@type":"SearchAction","target":{"@type":"EntryPoint","urlTemplate":"https:\/\/mercadalabogados.com\/?s={search_term_string}"},"query-input":{"@type":"PropertyValueSpecification","valueRequired":true,"valueName":"search_term_string"}}],"inLanguage":"de"},{"@type":"Organization","@id":"https:\/\/mercadalabogados.com\/#organization","name":"Mercadal Abogados","url":"https:\/\/mercadalabogados.com\/","logo":{"@type":"ImageObject","inLanguage":"de","@id":"https:\/\/mercadalabogados.com\/#\/schema\/logo\/image\/","url":"https:\/\/mercadalabogados.com\/wp-content\/uploads\/2022\/05\/ms-icon-150x150-1.png","contentUrl":"https:\/\/mercadalabogados.com\/wp-content\/uploads\/2022\/05\/ms-icon-150x150-1.png","width":150,"height":150,"caption":"Mercadal Abogados"},"image":{"@id":"https:\/\/mercadalabogados.com\/#\/schema\/logo\/image\/"}}]}},"_links":{"self":[{"href":"https:\/\/mercadalabogados.com\/de\/wp-json\/wp\/v2\/pages\/7329","targetHints":{"allow":["GET"]}}],"collection":[{"href":"https:\/\/mercadalabogados.com\/de\/wp-json\/wp\/v2\/pages"}],"about":[{"href":"https:\/\/mercadalabogados.com\/de\/wp-json\/wp\/v2\/types\/page"}],"author":[{"embeddable":true,"href":"https:\/\/mercadalabogados.com\/de\/wp-json\/wp\/v2\/users\/2"}],"replies":[{"embeddable":true,"href":"https:\/\/mercadalabogados.com\/de\/wp-json\/wp\/v2\/comments?post=7329"}],"version-history":[{"count":5,"href":"https:\/\/mercadalabogados.com\/de\/wp-json\/wp\/v2\/pages\/7329\/revisions"}],"predecessor-version":[{"id":8416,"href":"https:\/\/mercadalabogados.com\/de\/wp-json\/wp\/v2\/pages\/7329\/revisions\/8416"}],"wp:attachment":[{"href":"https:\/\/mercadalabogados.com\/de\/wp-json\/wp\/v2\/media?parent=7329"}],"curies":[{"name":"wp","href":"https:\/\/api.w.org\/{rel}","templated":true}]}}